{"id":4554,"date":"2025-04-14T13:05:15","date_gmt":"2025-04-14T13:05:15","guid":{"rendered":"https:\/\/depositoreginaldo.com.br\/?post_type=product&#038;p=4554"},"modified":"2025-04-14T13:05:54","modified_gmt":"2025-04-14T13:05:54","slug":"caixa-de-passagem-10lt-mallton","status":"publish","type":"product","link":"https:\/\/depositoreginaldo.com.br\/?product=caixa-de-passagem-10lt-mallton","title":{"rendered":"CAIXA DE  PASSAGEM 10LT MALLTON"},"content":{"rendered":"<p>FECHAMENTO HERM\u00c9TICO EVITANDO MAL CHEIRO<\/p>\n<p>SISTEMA FUNCIONAL DE F\u00c1CIL INSTALA\u00c7\u00c3O E LIMPEZA<\/p>\n<p>ACABAMENTO AJUDA NO ALINHAMENTO COM O PISO<\/p>\n<p>FABRICADA NA COR CINZA, MEDINDO 27 x 27 x 25 cm<\/p>\n<p>POSSUI:<\/p>\n<p>1 SA\u00cdDA DE 100 MM<br \/>\n3 ESTRADAS DE 40 E 50 MM<br \/>\n1 ENTRADA DE 100<\/p>\n<p>CAPACIDADE DE 10 LITROS PESANDO 1,2 Kg<\/p>\n<p>ITENS INCLUSO: CAIXA E TAMPA<\/p>\n<p>PRODUTO ESTA DE ACORDO COM AS NORMAS DA NBR 8160<\/p>\n","protected":false},"excerpt":{"rendered":"<p>FECHAMENTO HERM\u00c9TICO EVITANDO MAL CHEIRO SISTEMA FUNCIONAL DE F\u00c1CIL INSTALA\u00c7\u00c3O E LIMPEZA ACABAMENTO AJUDA NO ALINHAMENTO COM O PISO FABRICADA NA COR CINZA, MEDINDO 27 x 27 x 25 cm POSSUI: 1 SA\u00cdDA DE 100 MM 3 ESTRADAS DE 40 E 50 MM 1 ENTRADA DE 100 CAPACIDADE DE 10 LITROS PESANDO 1,2 Kg ITENS [&hellip;]<\/p>\n","protected":false},"featured_media":4608,"template":"","meta":{"site-sidebar-layout":"default","site-content-layout":"","ast-site-content-layout":"","site-content-style":"default","site-sidebar-style":"default","ast-global-header-display":"","ast-banner-title-visibility":"","ast-main-header-display":"","ast-hfb-above-header-display":"","ast-hfb-below-header-display":"","ast-hfb-mobile-header-display":"","site-post-title":"","ast-breadcrumbs-content":"","ast-featured-img":"","footer-sml-layout":"","theme-transparent-header-meta":"","adv-header-id-meta":"","stick-header-meta":"","header-above-stick-meta":"","header-main-stick-meta":"","header-below-stick-meta":"","astra-migrate-meta-layouts":"default","ast-page-background-enabled":"default","ast-page-background-meta":{"desktop":{"background-color":"","background-image":"","background-repeat":"repeat","background-position":"center center","background-size":"auto","background-attachment":"scroll","background-type":"","background-media":"","overlay-type":"","overlay-color":"","overlay-opacity":"","overlay-gradient":""},"tablet":{"background-color":"","background-image":"","background-repeat":"repeat","background-position":"center center","background-size":"auto","background-attachment":"scroll","background-type":"","background-media":"","overlay-type":"","overlay-color":"","overlay-opacity":"","overlay-gradient":""},"mobile":{"background-color":"","background-image":"","background-repeat":"repeat","background-position":"center center","background-size":"auto","background-attachment":"scroll","background-type":"","background-media":"","overlay-type":"","overlay-color":"","overlay-opacity":"","overlay-gradient":""}},"ast-content-background-meta":{"desktop":{"background-color":"var(--ast-global-color-5)","background-image":"","background-repeat":"repeat","background-position":"center center","background-size":"auto","background-attachment":"scroll","background-type":"","background-media":"","overlay-type":"","overlay-color":"","overlay-opacity":"","overlay-gradient":""},"tablet":{"background-color":"var(--ast-global-color-5)","background-image":"","background-repeat":"repeat","background-position":"center center","background-size":"auto","background-attachment":"scroll","background-type":"","background-media":"","overlay-type":"","overlay-color":"","overlay-opacity":"","overlay-gradient":""},"mobile":{"background-color":"var(--ast-global-color-5)","background-image":"","background-repeat":"repeat","background-position":"center center","background-size":"auto","background-attachment":"scroll","background-type":"","background-media":"","overlay-type":"","overlay-color":"","overlay-opacity":"","overlay-gradient":""}}},"product_brand":[],"product_cat":[62],"product_tag":[],"class_list":{"0":"post-4554","1":"product","2":"type-product","3":"status-publish","4":"has-post-thumbnail","6":"product_cat-hidraulica","7":"desktop-align-left","8":"tablet-align-left","9":"mobile-align-left","11":"first","12":"instock","13":"shipping-taxable","14":"product-type-simple"},"_links":{"self":[{"href":"https:\/\/depositoreginaldo.com.br\/index.php?rest_route=\/wp\/v2\/product\/4554","targetHints":{"allow":["GET"]}}],"collection":[{"href":"https:\/\/depositoreginaldo.com.br\/index.php?rest_route=\/wp\/v2\/product"}],"about":[{"href":"https:\/\/depositoreginaldo.com.br\/index.php?rest_route=\/wp\/v2\/types\/product"}],"wp:featuredmedia":[{"embeddable":true,"href":"https:\/\/depositoreginaldo.com.br\/index.php?rest_route=\/wp\/v2\/media\/4608"}],"wp:attachment":[{"href":"https:\/\/depositoreginaldo.com.br\/index.php?rest_route=%2Fwp%2Fv2%2Fmedia&parent=4554"}],"wp:term":[{"taxonomy":"product_brand","embeddable":true,"href":"https:\/\/depositoreginaldo.com.br\/index.php?rest_route=%2Fwp%2Fv2%2Fproduct_brand&post=4554"},{"taxonomy":"product_cat","embeddable":true,"href":"https:\/\/depositoreginaldo.com.br\/index.php?rest_route=%2Fwp%2Fv2%2Fproduct_cat&post=4554"},{"taxonomy":"product_tag","embeddable":true,"href":"https:\/\/depositoreginaldo.com.br\/index.php?rest_route=%2Fwp%2Fv2%2Fproduct_tag&post=4554"}],"curies":[{"name":"wp","href":"https:\/\/api.w.org\/{rel}","templated":true}]}}