{"id":4556,"date":"2025-04-14T13:05:15","date_gmt":"2025-04-14T13:05:15","guid":{"rendered":"https:\/\/depositoreginaldo.com.br\/?post_type=product&#038;p=4556"},"modified":"2025-04-14T13:05:57","modified_gmt":"2025-04-14T13:05:57","slug":"caixa-de-passag-inspecao-esgoto","status":"publish","type":"product","link":"https:\/\/depositoreginaldo.com.br\/?product=caixa-de-passag-inspecao-esgoto","title":{"rendered":"CAIXA DE PASSAG INSPE\u00c7\u00c3O ESGOTO"},"content":{"rendered":"<p>Utilizada para coletar toda \u00e1gua proveniente do esgoto, podendo ser utilizada para Liga\u00e7\u00f5es el\u00e9tricas, subterr\u00e2neas ou telefonia.<\/p>\n<p>S\u00e3o indicadas para redes enterradas de drenagem pluvial at\u00e9 DN 100, em obras resid\u00eancias ou comerciais.<\/p>\n<p>Fabricada em Polipropileno (PP) \u2013 Resistente de f\u00e1cil manuseio e instala\u00e7\u00e3o.<\/p>\n<p>Medidas: 44 x 35 x 41<\/p>\n<p>Peso: 2,6 Kg<\/p>\n<p>Suporta at\u00e9 300 KG.<\/p>\n<p>ITENS INCLUSO: CAIXA E TAMPA<\/p>\n<p>PRODUTO ESTA DE ACORDO COM AS NORMAS DA NBR 8160<\/p>\n","protected":false},"excerpt":{"rendered":"<p>Utilizada para coletar toda \u00e1gua proveniente do esgoto, podendo ser utilizada para Liga\u00e7\u00f5es el\u00e9tricas, subterr\u00e2neas ou telefonia. S\u00e3o indicadas para redes enterradas de drenagem pluvial at\u00e9 DN 100, em obras resid\u00eancias ou comerciais. Fabricada em Polipropileno (PP) \u2013 Resistente de f\u00e1cil manuseio e instala\u00e7\u00e3o. Medidas: 44 x 35 x 41 Peso: 2,6 Kg Suporta at\u00e9 [&hellip;]<\/p>\n","protected":false},"featured_media":4610,"template":"","meta":{"site-sidebar-layout":"default","site-content-layout":"","ast-site-content-layout":"","site-content-style":"default","site-sidebar-style":"default","ast-global-header-display":"","ast-banner-title-visibility":"","ast-main-header-display":"","ast-hfb-above-header-display":"","ast-hfb-below-header-display":"","ast-hfb-mobile-header-display":"","site-post-title":"","ast-breadcrumbs-content":"","ast-featured-img":"","footer-sml-layout":"","theme-transparent-header-meta":"","adv-header-id-meta":"","stick-header-meta":"","header-above-stick-meta":"","header-main-stick-meta":"","header-below-stick-meta":"","astra-migrate-meta-layouts":"default","ast-page-background-enabled":"default","ast-page-background-meta":{"desktop":{"background-color":"","background-image":"","background-repeat":"repeat","background-position":"center center","background-size":"auto","background-attachment":"scroll","background-type":"","background-media":"","overlay-type":"","overlay-color":"","overlay-opacity":"","overlay-gradient":""},"tablet":{"background-color":"","background-image":"","background-repeat":"repeat","background-position":"center center","background-size":"auto","background-attachment":"scroll","background-type":"","background-media":"","overlay-type":"","overlay-color":"","overlay-opacity":"","overlay-gradient":""},"mobile":{"background-color":"","background-image":"","background-repeat":"repeat","background-position":"center center","background-size":"auto","background-attachment":"scroll","background-type":"","background-media":"","overlay-type":"","overlay-color":"","overlay-opacity":"","overlay-gradient":""}},"ast-content-background-meta":{"desktop":{"background-color":"var(--ast-global-color-5)","background-image":"","background-repeat":"repeat","background-position":"center center","background-size":"auto","background-attachment":"scroll","background-type":"","background-media":"","overlay-type":"","overlay-color":"","overlay-opacity":"","overlay-gradient":""},"tablet":{"background-color":"var(--ast-global-color-5)","background-image":"","background-repeat":"repeat","background-position":"center center","background-size":"auto","background-attachment":"scroll","background-type":"","background-media":"","overlay-type":"","overlay-color":"","overlay-opacity":"","overlay-gradient":""},"mobile":{"background-color":"var(--ast-global-color-5)","background-image":"","background-repeat":"repeat","background-position":"center center","background-size":"auto","background-attachment":"scroll","background-type":"","background-media":"","overlay-type":"","overlay-color":"","overlay-opacity":"","overlay-gradient":""}}},"product_brand":[],"product_cat":[62],"product_tag":[],"class_list":{"0":"post-4556","1":"product","2":"type-product","3":"status-publish","4":"has-post-thumbnail","6":"product_cat-hidraulica","7":"desktop-align-left","8":"tablet-align-left","9":"mobile-align-left","11":"first","12":"instock","13":"shipping-taxable","14":"product-type-simple"},"_links":{"self":[{"href":"https:\/\/depositoreginaldo.com.br\/index.php?rest_route=\/wp\/v2\/product\/4556","targetHints":{"allow":["GET"]}}],"collection":[{"href":"https:\/\/depositoreginaldo.com.br\/index.php?rest_route=\/wp\/v2\/product"}],"about":[{"href":"https:\/\/depositoreginaldo.com.br\/index.php?rest_route=\/wp\/v2\/types\/product"}],"wp:featuredmedia":[{"embeddable":true,"href":"https:\/\/depositoreginaldo.com.br\/index.php?rest_route=\/wp\/v2\/media\/4610"}],"wp:attachment":[{"href":"https:\/\/depositoreginaldo.com.br\/index.php?rest_route=%2Fwp%2Fv2%2Fmedia&parent=4556"}],"wp:term":[{"taxonomy":"product_brand","embeddable":true,"href":"https:\/\/depositoreginaldo.com.br\/index.php?rest_route=%2Fwp%2Fv2%2Fproduct_brand&post=4556"},{"taxonomy":"product_cat","embeddable":true,"href":"https:\/\/depositoreginaldo.com.br\/index.php?rest_route=%2Fwp%2Fv2%2Fproduct_cat&post=4556"},{"taxonomy":"product_tag","embeddable":true,"href":"https:\/\/depositoreginaldo.com.br\/index.php?rest_route=%2Fwp%2Fv2%2Fproduct_tag&post=4556"}],"curies":[{"name":"wp","href":"https:\/\/api.w.org\/{rel}","templated":true}]}}