{"id":4583,"date":"2025-04-14T13:05:40","date_gmt":"2025-04-14T13:05:40","guid":{"rendered":"https:\/\/depositoreginaldo.com.br\/?post_type=product&#038;p=4583"},"modified":"2025-04-14T13:06:09","modified_gmt":"2025-04-14T13:06:09","slug":"escada-aluminio-extensiva-2x6-mor","status":"publish","type":"product","link":"https:\/\/depositoreginaldo.com.br\/?product=escada-aluminio-extensiva-2x6-mor","title":{"rendered":"ESCADA ALUMINIO EXTENSIVA 2X6 MOR"},"content":{"rendered":"<p>Escada de Alum\u00ednio Extensiva 2 x 6 Degraus<br \/>\n1,97 x 3,09 Metros<br \/>\nCom 3 anos de garantia, ela suporta at\u00e9 150 Kg e alcan\u00e7a at\u00e9 3,09 metros.<\/p>\n","protected":false},"excerpt":{"rendered":"<p>Escada de Alum\u00ednio Extensiva 2 x 6 Degraus 1,97 x 3,09 Metros Com 3 anos de garantia, ela suporta at\u00e9 150 Kg e alcan\u00e7a at\u00e9 3,09 metros.<\/p>\n","protected":false},"featured_media":4632,"template":"","meta":{"site-sidebar-layout":"default","site-content-layout":"","ast-site-content-layout":"","site-content-style":"default","site-sidebar-style":"default","ast-global-header-display":"","ast-banner-title-visibility":"","ast-main-header-display":"","ast-hfb-above-header-display":"","ast-hfb-below-header-display":"","ast-hfb-mobile-header-display":"","site-post-title":"","ast-breadcrumbs-content":"","ast-featured-img":"","footer-sml-layout":"","theme-transparent-header-meta":"","adv-header-id-meta":"","stick-header-meta":"","header-above-stick-meta":"","header-main-stick-meta":"","header-below-stick-meta":"","astra-migrate-meta-layouts":"default","ast-page-background-enabled":"default","ast-page-background-meta":{"desktop":{"background-color":"","background-image":"","background-repeat":"repeat","background-position":"center center","background-size":"auto","background-attachment":"scroll","background-type":"","background-media":"","overlay-type":"","overlay-color":"","overlay-opacity":"","overlay-gradient":""},"tablet":{"background-color":"","background-image":"","background-repeat":"repeat","background-position":"center center","background-size":"auto","background-attachment":"scroll","background-type":"","background-media":"","overlay-type":"","overlay-color":"","overlay-opacity":"","overlay-gradient":""},"mobile":{"background-color":"","background-image":"","background-repeat":"repeat","background-position":"center center","background-size":"auto","background-attachment":"scroll","background-type":"","background-media":"","overlay-type":"","overlay-color":"","overlay-opacity":"","overlay-gradient":""}},"ast-content-background-meta":{"desktop":{"background-color":"var(--ast-global-color-5)","background-image":"","background-repeat":"repeat","background-position":"center center","background-size":"auto","background-attachment":"scroll","background-type":"","background-media":"","overlay-type":"","overlay-color":"","overlay-opacity":"","overlay-gradient":""},"tablet":{"background-color":"var(--ast-global-color-5)","background-image":"","background-repeat":"repeat","background-position":"center center","background-size":"auto","background-attachment":"scroll","background-type":"","background-media":"","overlay-type":"","overlay-color":"","overlay-opacity":"","overlay-gradient":""},"mobile":{"background-color":"var(--ast-global-color-5)","background-image":"","background-repeat":"repeat","background-position":"center center","background-size":"auto","background-attachment":"scroll","background-type":"","background-media":"","overlay-type":"","overlay-color":"","overlay-opacity":"","overlay-gradient":""}}},"product_brand":[],"product_cat":[66],"product_tag":[],"class_list":{"0":"post-4583","1":"product","2":"type-product","3":"status-publish","4":"has-post-thumbnail","6":"product_cat-escadas","7":"desktop-align-left","8":"tablet-align-left","9":"mobile-align-left","11":"first","12":"instock","13":"shipping-taxable","14":"product-type-simple"},"_links":{"self":[{"href":"https:\/\/depositoreginaldo.com.br\/index.php?rest_route=\/wp\/v2\/product\/4583","targetHints":{"allow":["GET"]}}],"collection":[{"href":"https:\/\/depositoreginaldo.com.br\/index.php?rest_route=\/wp\/v2\/product"}],"about":[{"href":"https:\/\/depositoreginaldo.com.br\/index.php?rest_route=\/wp\/v2\/types\/product"}],"wp:featuredmedia":[{"embeddable":true,"href":"https:\/\/depositoreginaldo.com.br\/index.php?rest_route=\/wp\/v2\/media\/4632"}],"wp:attachment":[{"href":"https:\/\/depositoreginaldo.com.br\/index.php?rest_route=%2Fwp%2Fv2%2Fmedia&parent=4583"}],"wp:term":[{"taxonomy":"product_brand","embeddable":true,"href":"https:\/\/depositoreginaldo.com.br\/index.php?rest_route=%2Fwp%2Fv2%2Fproduct_brand&post=4583"},{"taxonomy":"product_cat","embeddable":true,"href":"https:\/\/depositoreginaldo.com.br\/index.php?rest_route=%2Fwp%2Fv2%2Fproduct_cat&post=4583"},{"taxonomy":"product_tag","embeddable":true,"href":"https:\/\/depositoreginaldo.com.br\/index.php?rest_route=%2Fwp%2Fv2%2Fproduct_tag&post=4583"}],"curies":[{"name":"wp","href":"https:\/\/api.w.org\/{rel}","templated":true}]}}