{"id":4587,"date":"2025-04-14T13:05:40","date_gmt":"2025-04-14T13:05:40","guid":{"rendered":"https:\/\/depositoreginaldo.com.br\/?post_type=product&#038;p=4587"},"modified":"2025-04-14T13:06:12","modified_gmt":"2025-04-14T13:06:12","slug":"escada-aluminio-extensiva-2x12-mor","status":"publish","type":"product","link":"https:\/\/depositoreginaldo.com.br\/?product=escada-aluminio-extensiva-2x12-mor","title":{"rendered":"ESCADA ALUMINIO EXTENSIVA 2X12 MOR"},"content":{"rendered":"<p>Escada de Alum\u00ednio Extensiva 2 x 12 Degraus<br \/>\nDescri\u00e7\u00e3o do Produto:<br \/>\n&#8211; Dimens\u00f5es:<br \/>\n* Articulada: 3,90 x 3,65m<br \/>\n* Separada: 3,60m x 3,51m<br \/>\n* Estendida: 6,60 x 6,42m<br \/>\nPeso: 14,02Kg<\/p>\n","protected":false},"excerpt":{"rendered":"<p>Escada de Alum\u00ednio Extensiva 2 x 12 Degraus Descri\u00e7\u00e3o do Produto: &#8211; Dimens\u00f5es: * Articulada: 3,90 x 3,65m * Separada: 3,60m x 3,51m * Estendida: 6,60 x 6,42m Peso: 14,02Kg<\/p>\n","protected":false},"featured_media":4636,"template":"","meta":{"site-sidebar-layout":"default","site-content-layout":"","ast-site-content-layout":"","site-content-style":"default","site-sidebar-style":"default","ast-global-header-display":"","ast-banner-title-visibility":"","ast-main-header-display":"","ast-hfb-above-header-display":"","ast-hfb-below-header-display":"","ast-hfb-mobile-header-display":"","site-post-title":"","ast-breadcrumbs-content":"","ast-featured-img":"","footer-sml-layout":"","theme-transparent-header-meta":"","adv-header-id-meta":"","stick-header-meta":"","header-above-stick-meta":"","header-main-stick-meta":"","header-below-stick-meta":"","astra-migrate-meta-layouts":"default","ast-page-background-enabled":"default","ast-page-background-meta":{"desktop":{"background-color":"","background-image":"","background-repeat":"repeat","background-position":"center center","background-size":"auto","background-attachment":"scroll","background-type":"","background-media":"","overlay-type":"","overlay-color":"","overlay-opacity":"","overlay-gradient":""},"tablet":{"background-color":"","background-image":"","background-repeat":"repeat","background-position":"center center","background-size":"auto","background-attachment":"scroll","background-type":"","background-media":"","overlay-type":"","overlay-color":"","overlay-opacity":"","overlay-gradient":""},"mobile":{"background-color":"","background-image":"","background-repeat":"repeat","background-position":"center center","background-size":"auto","background-attachment":"scroll","background-type":"","background-media":"","overlay-type":"","overlay-color":"","overlay-opacity":"","overlay-gradient":""}},"ast-content-background-meta":{"desktop":{"background-color":"var(--ast-global-color-5)","background-image":"","background-repeat":"repeat","background-position":"center center","background-size":"auto","background-attachment":"scroll","background-type":"","background-media":"","overlay-type":"","overlay-color":"","overlay-opacity":"","overlay-gradient":""},"tablet":{"background-color":"var(--ast-global-color-5)","background-image":"","background-repeat":"repeat","background-position":"center center","background-size":"auto","background-attachment":"scroll","background-type":"","background-media":"","overlay-type":"","overlay-color":"","overlay-opacity":"","overlay-gradient":""},"mobile":{"background-color":"var(--ast-global-color-5)","background-image":"","background-repeat":"repeat","background-position":"center center","background-size":"auto","background-attachment":"scroll","background-type":"","background-media":"","overlay-type":"","overlay-color":"","overlay-opacity":"","overlay-gradient":""}}},"product_brand":[],"product_cat":[66],"product_tag":[],"class_list":{"0":"post-4587","1":"product","2":"type-product","3":"status-publish","4":"has-post-thumbnail","6":"product_cat-escadas","7":"desktop-align-left","8":"tablet-align-left","9":"mobile-align-left","11":"first","12":"instock","13":"shipping-taxable","14":"product-type-simple"},"_links":{"self":[{"href":"https:\/\/depositoreginaldo.com.br\/index.php?rest_route=\/wp\/v2\/product\/4587","targetHints":{"allow":["GET"]}}],"collection":[{"href":"https:\/\/depositoreginaldo.com.br\/index.php?rest_route=\/wp\/v2\/product"}],"about":[{"href":"https:\/\/depositoreginaldo.com.br\/index.php?rest_route=\/wp\/v2\/types\/product"}],"wp:featuredmedia":[{"embeddable":true,"href":"https:\/\/depositoreginaldo.com.br\/index.php?rest_route=\/wp\/v2\/media\/4636"}],"wp:attachment":[{"href":"https:\/\/depositoreginaldo.com.br\/index.php?rest_route=%2Fwp%2Fv2%2Fmedia&parent=4587"}],"wp:term":[{"taxonomy":"product_brand","embeddable":true,"href":"https:\/\/depositoreginaldo.com.br\/index.php?rest_route=%2Fwp%2Fv2%2Fproduct_brand&post=4587"},{"taxonomy":"product_cat","embeddable":true,"href":"https:\/\/depositoreginaldo.com.br\/index.php?rest_route=%2Fwp%2Fv2%2Fproduct_cat&post=4587"},{"taxonomy":"product_tag","embeddable":true,"href":"https:\/\/depositoreginaldo.com.br\/index.php?rest_route=%2Fwp%2Fv2%2Fproduct_tag&post=4587"}],"curies":[{"name":"wp","href":"https:\/\/api.w.org\/{rel}","templated":true}]}}