{"id":4876,"date":"2025-04-28T19:59:03","date_gmt":"2025-04-28T19:59:03","guid":{"rendered":"https:\/\/depositoreginaldo.com.br\/?post_type=product&#038;p=4876"},"modified":"2025-04-28T19:59:03","modified_gmt":"2025-04-28T19:59:03","slug":"cimento-caue-oferta-valida-p-dinheiro-ou-pix","status":"publish","type":"product","link":"https:\/\/depositoreginaldo.com.br\/?product=cimento-caue-oferta-valida-p-dinheiro-ou-pix","title":{"rendered":"Cimento Cau\u00ea oferta valida p\/ dinheiro ou pix"},"content":{"rendered":"<div class=\"title-section\">Descri\u00e7\u00e3o Geral<\/div>\n<div class=\"board_htm\">\n<p>O cimento Cau\u00ea Exato \u00e9 um produto de qualidade com pre\u00e7o que cabe no bolso! \u00c9 indicado para pequenos reparos e para as demais etapas de uma obra.<\/p>\n<p>Caracter\u00edsticas do produto:<\/p>\n<p><strong>Marca:<\/strong>\u00a0Cau\u00ea<\/p>\n<p><span style=\"color: #000000\"><strong>Tipo:<\/strong>\u00a0Uso geral CPIV-32RS<\/span><\/p>\n<p><strong>Utiliza\u00e7\u00e3o:<\/strong>\u00a0Funda\u00e7\u00e3o;\u00a0argamassa;\u00a0contrapiso\/piso; estrutura de concreto entre outros<\/p>\n<p><strong>Embalagem:<\/strong>\u00a050kg<\/p>\n<\/div>\n","protected":false},"excerpt":{"rendered":"<p>Descri\u00e7\u00e3o Geral O cimento Cau\u00ea Exato \u00e9 um produto de qualidade com pre\u00e7o que cabe no bolso! \u00c9 indicado para pequenos reparos e para as demais etapas de uma obra. Caracter\u00edsticas do produto: Marca:\u00a0Cau\u00ea Tipo:\u00a0Uso geral CPIV-32RS Utiliza\u00e7\u00e3o:\u00a0Funda\u00e7\u00e3o;\u00a0argamassa;\u00a0contrapiso\/piso; estrutura de concreto entre outros Embalagem:\u00a050kg<\/p>\n","protected":false},"featured_media":4877,"template":"","meta":{"site-sidebar-layout":"default","site-content-layout":"","ast-site-content-layout":"default","site-content-style":"default","site-sidebar-style":"default","ast-global-header-display":"","ast-banner-title-visibility":"","ast-main-header-display":"","ast-hfb-above-header-display":"","ast-hfb-below-header-display":"","ast-hfb-mobile-header-display":"","site-post-title":"","ast-breadcrumbs-content":"","ast-featured-img":"","footer-sml-layout":"","theme-transparent-header-meta":"default","adv-header-id-meta":"","stick-header-meta":"","header-above-stick-meta":"","header-main-stick-meta":"","header-below-stick-meta":"","astra-migrate-meta-layouts":"set","ast-page-background-enabled":"default","ast-page-background-meta":{"desktop":{"background-color":"","background-image":"","background-repeat":"repeat","background-position":"center center","background-size":"auto","background-attachment":"scroll","background-type":"","background-media":"","overlay-type":"","overlay-color":"","overlay-opacity":"","overlay-gradient":""},"tablet":{"background-color":"","background-image":"","background-repeat":"repeat","background-position":"center center","background-size":"auto","background-attachment":"scroll","background-type":"","background-media":"","overlay-type":"","overlay-color":"","overlay-opacity":"","overlay-gradient":""},"mobile":{"background-color":"","background-image":"","background-repeat":"repeat","background-position":"center center","background-size":"auto","background-attachment":"scroll","background-type":"","background-media":"","overlay-type":"","overlay-color":"","overlay-opacity":"","overlay-gradient":""}},"ast-content-background-meta":{"desktop":{"background-color":"var(--ast-global-color-5)","background-image":"","background-repeat":"repeat","background-position":"center center","background-size":"auto","background-attachment":"scroll","background-type":"","background-media":"","overlay-type":"","overlay-color":"","overlay-opacity":"","overlay-gradient":""},"tablet":{"background-color":"var(--ast-global-color-5)","background-image":"","background-repeat":"repeat","background-position":"center center","background-size":"auto","background-attachment":"scroll","background-type":"","background-media":"","overlay-type":"","overlay-color":"","overlay-opacity":"","overlay-gradient":""},"mobile":{"background-color":"var(--ast-global-color-5)","background-image":"","background-repeat":"repeat","background-position":"center center","background-size":"auto","background-attachment":"scroll","background-type":"","background-media":"","overlay-type":"","overlay-color":"","overlay-opacity":"","overlay-gradient":""}}},"product_brand":[],"product_cat":[74],"product_tag":[],"class_list":{"0":"post-4876","1":"product","2":"type-product","3":"status-publish","4":"has-post-thumbnail","6":"product_cat-cimento","7":"desktop-align-left","8":"tablet-align-left","9":"mobile-align-left","11":"first","12":"instock","13":"sale","14":"shipping-taxable","15":"product-type-simple"},"_links":{"self":[{"href":"https:\/\/depositoreginaldo.com.br\/index.php?rest_route=\/wp\/v2\/product\/4876","targetHints":{"allow":["GET"]}}],"collection":[{"href":"https:\/\/depositoreginaldo.com.br\/index.php?rest_route=\/wp\/v2\/product"}],"about":[{"href":"https:\/\/depositoreginaldo.com.br\/index.php?rest_route=\/wp\/v2\/types\/product"}],"wp:featuredmedia":[{"embeddable":true,"href":"https:\/\/depositoreginaldo.com.br\/index.php?rest_route=\/wp\/v2\/media\/4877"}],"wp:attachment":[{"href":"https:\/\/depositoreginaldo.com.br\/index.php?rest_route=%2Fwp%2Fv2%2Fmedia&parent=4876"}],"wp:term":[{"taxonomy":"product_brand","embeddable":true,"href":"https:\/\/depositoreginaldo.com.br\/index.php?rest_route=%2Fwp%2Fv2%2Fproduct_brand&post=4876"},{"taxonomy":"product_cat","embeddable":true,"href":"https:\/\/depositoreginaldo.com.br\/index.php?rest_route=%2Fwp%2Fv2%2Fproduct_cat&post=4876"},{"taxonomy":"product_tag","embeddable":true,"href":"https:\/\/depositoreginaldo.com.br\/index.php?rest_route=%2Fwp%2Fv2%2Fproduct_tag&post=4876"}],"curies":[{"name":"wp","href":"https:\/\/api.w.org\/{rel}","templated":true}]}}